{"id":9,"date":"2015-02-10T19:21:19","date_gmt":"2015-02-10T18:21:19","guid":{"rendered":"https:\/\/avada.theme-fusion.com_demos\/architecture\/?page_id=9"},"modified":"2021-10-09T16:40:54","modified_gmt":"2021-10-09T14:40:54","slug":"conocenos","status":"publish","type":"page","link":"https:\/\/www.plis.es\/es\/conocenos\/","title":{"rendered":"Con\u00f3cenos"},"content":{"rendered":"<div class=\"fusion-fullwidth fullwidth-box fusion-builder-row-1 fusion-flex-container nonhundred-percent-fullwidth non-hundred-percent-height-scrolling\" style=\"--awb-background-position:left top;--awb-border-sizes-top:0px;--awb-border-sizes-bottom:0px;--awb-border-sizes-left:0px;--awb-border-sizes-right:0px;--awb-border-radius-top-left:0px;--awb-border-radius-top-right:0px;--awb-border-radius-bottom-right:0px;--awb-border-radius-bottom-left:0px;--awb-padding-top:25px;\" ><div class=\"fusion-builder-row fusion-row fusion-flex-align-items-flex-start\" style=\"max-width:1248px;margin-left: calc(-4% \/ 2 );margin-right: calc(-4% \/ 2 );\"><div class=\"fusion-layout-column fusion_builder_column fusion-builder-column-0 fusion_builder_column_1_4 1_4 fusion-flex-column\" style=\"--awb-bg-size:cover;--awb-width-large:25%;--awb-margin-top-large:0px;--awb-spacing-right-large:7.68%;--awb-margin-bottom-large:20px;--awb-spacing-left-large:7.68%;--awb-width-medium:25%;--awb-order-medium:0;--awb-spacing-right-medium:7.68%;--awb-spacing-left-medium:7.68%;--awb-width-small:100%;--awb-order-small:0;--awb-spacing-right-small:1.92%;--awb-spacing-left-small:1.92%;\"><div class=\"fusion-column-wrapper fusion-column-has-shadow fusion-flex-justify-content-flex-start fusion-content-layout-column\"><div class=\"fusion-image-element \" style=\"text-align:center;--awb-margin-top:20px;--awb-caption-title-font-family:var(--h2_typography-font-family);--awb-caption-title-font-weight:var(--h2_typography-font-weight);--awb-caption-title-font-style:var(--h2_typography-font-style);--awb-caption-title-size:var(--h2_typography-font-size);--awb-caption-title-transform:var(--h2_typography-text-transform);--awb-caption-title-line-height:var(--h2_typography-line-height);--awb-caption-title-letter-spacing:var(--h2_typography-letter-spacing);\"><span class=\" fusion-imageframe imageframe-none imageframe-1 hover-type-none\" class=\"image-scroll\"><a href=\"http:\/\/www.plis.es\/wp-content\/uploads\/2021\/10\/Esther-Pe\u0301rez-Lucas.jpeg\" class=\"fusion-lightbox\" data-rel=\"iLightbox[ad40b1f7caf523ae940]\" data-title=\"Esther Pe\u0301rez Lucas\" title=\"Esther Pe\u0301rez Lucas\"><img decoding=\"async\" width=\"768\" height=\"897\" src=\"http:\/\/www.plis.es\/wp-content\/uploads\/2021\/10\/Esther-Pe\u0301rez-Lucas.jpeg\" alt class=\"img-responsive wp-image-959\" srcset=\"https:\/\/www.plis.es\/wp-content\/uploads\/2021\/10\/Esther-Pe\u0301rez-Lucas-200x234.jpeg 200w, https:\/\/www.plis.es\/wp-content\/uploads\/2021\/10\/Esther-Pe\u0301rez-Lucas-400x467.jpeg 400w, https:\/\/www.plis.es\/wp-content\/uploads\/2021\/10\/Esther-Pe\u0301rez-Lucas-600x701.jpeg 600w, https:\/\/www.plis.es\/wp-content\/uploads\/2021\/10\/Esther-Pe\u0301rez-Lucas.jpeg 768w\" sizes=\"(max-width: 640px) 100vw, 400px\" \/><\/a><\/span><\/div><\/div><\/div><div class=\"fusion-layout-column fusion_builder_column fusion-builder-column-1 fusion_builder_column_3_4 3_4 fusion-flex-column\" style=\"--awb-bg-size:cover;--awb-width-large:75%;--awb-margin-top-large:0px;--awb-spacing-right-large:2.56%;--awb-margin-bottom-large:20px;--awb-spacing-left-large:2.56%;--awb-width-medium:75%;--awb-spacing-right-medium:2.56%;--awb-spacing-left-medium:2.56%;--awb-width-small:100%;--awb-spacing-right-small:1.92%;--awb-spacing-left-small:1.92%;\"><div class=\"fusion-column-wrapper fusion-flex-justify-content-flex-start fusion-content-layout-column\"><div class=\"fusion-title title fusion-title-1 fusion-sep-none fusion-title-text fusion-title-size-two\"><h2 class=\"title-heading-left\" style=\"margin:0;\"><h2>CON\u00d3CENOS<\/h2><\/h2><\/div><div class=\"fusion-separator\" style=\"align-self: flex-start;margin-right:auto;margin-top:0px;margin-bottom:30px;width:100%;max-width:170px;\"><\/div><div class=\"fusion-text fusion-text-1\" style=\"--awb-font-size:22px;--awb-line-height:42px;--awb-text-font-family:&quot;Raleway&quot;;--awb-text-font-style:italic;--awb-text-font-weight:500;\"><p>Nuestra misi\u00f3n: encontrar el hogar perfecto para nuestros libros<\/p>\n<\/div><div class=\"fusion-separator\" style=\"align-self: flex-start;margin-right:auto;margin-top:0px;margin-bottom:30px;width:100%;max-width:170px;\"><\/div><div class=\"fusion-text fusion-text-2\"><p>Licenciada en Filolog\u00eda Anglogerm\u00e1nica y con casi 30 a\u00f1os de experiencia en el mundo editorial.<\/p>\n<p>Mi recorrido en el mundo editorial comienza en 1993 en la preciosa ciudad de Bath (UK). Mi punto de entrada fue Victoria House Publishing (parte de Reader\u2019s Digest) d\u00f3nde trabaj\u00e9 durante 6 maravillosos a\u00f1os.<\/p>\n<p>Me mud\u00e9 a Londres en busca de un nuevo reto y me incorpor\u00e9 a Quarto Group, con la misi\u00f3n de implementar, gestionar y dirigir el departamento de ventas internacionales de Quarto Children\u2019s Books. M\u00e1s tarde, en el 2003, me anim\u00e9 a fundar mi propia agencia de ventas de derechos internacionales, P\u00e9rez Lucas International Sales.<\/p>\n<p>Desde entonces, he estado trabajando desde Barcelona vendiendo derechos internaciones a editoriales de todo el mundo.<\/p>\n<p>Mi hijo Dilan y mi hija Ada han crecido rodeadxs de historias y monta\u00f1as de libros en este lugar que llaman La Casa de Los Cuentos (The Fairytale House).<\/p>\n<\/div><\/div><\/div><\/div><\/div>\n","protected":false},"excerpt":{"rendered":"","protected":false},"author":1,"featured_media":0,"parent":0,"menu_order":2,"comment_status":"closed","ping_status":"closed","template":"","meta":[],"_links":{"self":[{"href":"https:\/\/www.plis.es\/es\/wp-json\/wp\/v2\/pages\/9"}],"collection":[{"href":"https:\/\/www.plis.es\/es\/wp-json\/wp\/v2\/pages"}],"about":[{"href":"https:\/\/www.plis.es\/es\/wp-json\/wp\/v2\/types\/page"}],"author":[{"embeddable":true,"href":"https:\/\/www.plis.es\/es\/wp-json\/wp\/v2\/users\/1"}],"replies":[{"embeddable":true,"href":"https:\/\/www.plis.es\/es\/wp-json\/wp\/v2\/comments?post=9"}],"version-history":[{"count":15,"href":"https:\/\/www.plis.es\/es\/wp-json\/wp\/v2\/pages\/9\/revisions"}],"predecessor-version":[{"id":1429,"href":"https:\/\/www.plis.es\/es\/wp-json\/wp\/v2\/pages\/9\/revisions\/1429"}],"wp:attachment":[{"href":"https:\/\/www.plis.es\/es\/wp-json\/wp\/v2\/media?parent=9"}],"curies":[{"name":"wp","href":"https:\/\/api.w.org\/{rel}","templated":true}]}}