{"id":750,"date":"2021-05-12T15:41:37","date_gmt":"2021-05-12T13:41:37","guid":{"rendered":"https:\/\/www.plis.es\/?page_id=750"},"modified":"2021-10-09T19:29:30","modified_gmt":"2021-10-09T17:29:30","slug":"la-agencia","status":"publish","type":"page","link":"https:\/\/www.plis.es\/es\/","title":{"rendered":"La Agencia"},"content":{"rendered":"<p><div class=\"fusion-fullwidth fullwidth-box fusion-builder-row-1 fusion-flex-container nonhundred-percent-fullwidth non-hundred-percent-height-scrolling\" style=\"--awb-border-radius-top-left:0px;--awb-border-radius-top-right:0px;--awb-border-radius-bottom-right:0px;--awb-border-radius-bottom-left:0px;--awb-padding-top:25px;\" ><div class=\"fusion-builder-row fusion-row fusion-flex-align-items-flex-start\" style=\"max-width:1248px;margin-left: calc(-4% \/ 2 );margin-right: calc(-4% \/ 2 );\"><div class=\"fusion-layout-column fusion_builder_column fusion-builder-column-0 fusion_builder_column_2_3 2_3 fusion-flex-column\" style=\"--awb-bg-size:cover;--awb-width-large:66.666666666667%;--awb-margin-top-large:0px;--awb-spacing-right-large:2.88%;--awb-margin-bottom-large:20px;--awb-spacing-left-large:2.88%;--awb-width-medium:66.666666666667%;--awb-order-medium:0;--awb-spacing-right-medium:2.88%;--awb-spacing-left-medium:2.88%;--awb-width-small:100%;--awb-order-small:0;--awb-spacing-right-small:1.92%;--awb-spacing-left-small:1.92%;\"><div class=\"fusion-column-wrapper fusion-column-has-shadow fusion-flex-justify-content-flex-start fusion-content-layout-column\"><div class=\"fusion-title title fusion-title-1 fusion-sep-none fusion-title-center fusion-title-text fusion-title-size-three\" style=\"--awb-margin-top:25px;--awb-margin-bottom:25px;\"><h3 class=\"title-heading-center\" style=\"margin:0;\"><h2>LA AGENCIA<\/h2><\/h3><\/div><div class=\"fusion-text fusion-text-1\"><p>Con 30 a\u00f1os de experiencia en el mundo editorial, en PLIS ofrecemos un servicio especializado y \u00fanico en la venta de derechos de libros infantiles\/juveniles a editoriales de todo el mundo.<\/p>\n<p>En PLIS elegimos cuidadosamente a qui\u00e9n representamos de manera que su producto no se vuelva invisible entre decenas de cat\u00e1logos, ofreciendo a nuestra base de clientes una gama de productos complementarios y no competitivos entre si. Nuestro trabajo incluye tambi\u00e9n la adaptaci\u00f3n de nuestros formatos novelty a personajes de licencia.<\/p>\n<p>Nos orgullece que se nos reconozca por nuestro profesionalismo, compromiso, integridad y disfrutamos colocando el producto con el editor adecuado.<\/p>\n<\/div><div class=\"fusion-title title fusion-title-2 fusion-sep-none fusion-title-center fusion-title-text fusion-title-size-three\" style=\"--awb-margin-top:25px;--awb-margin-bottom:25px;\"><h3 class=\"title-heading-center\" style=\"margin:0;\"><h2>\u00bf QU\u00c9 HACEMOS EN PLIS ?<\/h2><\/h3><\/div><div class=\"fusion-text fusion-text-2\"><p><span style=\"color: #b6316b;\">Como representante de editoriales extranjeras<\/span><\/p>\n<p>Vendemos <strong>derechos de publicaci\u00f3n<\/strong> a editoriales de todo el mundo.<\/p>\n<p>Nos especializamos en <strong>ventas en co-edici\u00f3n<\/strong>, lo que hace posible la edici\u00f3n del mismo libro en varios idiomas. Ofrecemos una atenci\u00f3n personalizada de acuerdo con tus necesidades, maximizando las ventas.<\/p>\n<p>Creemos que es importante concentrar nuestros esfuerzos en un peque\u00f1o nicho de empresas representadas. Nuestro portafolio est\u00e1 cuidadosamente seleccionado, ofreciendo una <strong>amplia y variada gama de formatos<\/strong> como libros novelty, \u00e1lbumes ilustrados, libros auto-ayuda, libros de sonido, libros de cart\u00f3n, libros de ba\u00f1o y de tela para beb\u00e9s. Nos especializamos en <strong>libros infantiles<\/strong> y <strong>juveniles<\/strong>.<\/p>\n<p><span style=\"color: #b6316b;\">Si te dedicas a la compra de derechos<\/span><\/p>\n<p>Te ayudamos a encontrar <strong>el producto adecuado<\/strong> para publicar en tu mercado.<\/p>\n<p>Nuestros clientes aprecian esta forma de trabajar <strong>eficiente y personalizada<\/strong> mientras disfrutan de ahorros al unirse a co-ediciones. Tambi\u00e9n podemos dise\u00f1ar un formato especialmente para ti o bien adaptar nuestros formatos novelty a <strong>un personaje de licencia<\/strong> o a tu propio dise\u00f1o. Trabajamos con Walt Disney, Miffy, Pocoy\u00f3 entre otras muchas licencias pioneras del mercado.<\/p>\n<p><span style=\"color: #b6316b;\">Como representante de Ilustradoras<\/span><\/p>\n<p>Nos alegra comunicaros que hemos comenzado a incorporar la representaci\u00f3n de ilustradoras dentro de las actividades de la agencia. Representamos ilustradoras con gran talento y llenas de inspiraci\u00f3n.<\/p>\n<p>Si eres autora \/ ilustradora y vemos tu potencial, \u00a1podemos negociar en tu nombre y llegar a publicar tu creaci\u00f3n!<\/p>\n<\/div><\/div><\/div><div class=\"fusion-layout-column fusion_builder_column fusion-builder-column-1 fusion_builder_column_1_3 1_3 fusion-flex-column\" style=\"--awb-bg-size:cover;--awb-width-large:33.333333333333%;--awb-margin-top-large:0px;--awb-spacing-right-large:5.76%;--awb-margin-bottom-large:20px;--awb-spacing-left-large:5.76%;--awb-width-medium:33.333333333333%;--awb-order-medium:0;--awb-spacing-right-medium:5.76%;--awb-spacing-left-medium:5.76%;--awb-width-small:100%;--awb-order-small:0;--awb-spacing-right-small:1.92%;--awb-spacing-left-small:1.92%;\"><div class=\"fusion-column-wrapper fusion-column-has-shadow fusion-flex-justify-content-flex-start fusion-content-layout-column\"><div class=\"fusion-image-element \" style=\"text-align:center;--awb-caption-title-font-family:var(--h2_typography-font-family);--awb-caption-title-font-weight:var(--h2_typography-font-weight);--awb-caption-title-font-style:var(--h2_typography-font-style);--awb-caption-title-size:var(--h2_typography-font-size);--awb-caption-title-transform:var(--h2_typography-text-transform);--awb-caption-title-line-height:var(--h2_typography-line-height);--awb-caption-title-letter-spacing:var(--h2_typography-letter-spacing);\"><span class=\" fusion-imageframe imageframe-none imageframe-1 hover-type-none\" class=\"image-magnify\" class=\"image-scroll\"><img decoding=\"async\" width=\"300\" height=\"1255\" title=\"Home Column 1\" src=\"http:\/\/www.plis.es\/wp-content\/uploads\/2021\/10\/Home-Column-1.png\" alt class=\"img-responsive wp-image-1017\" srcset=\"https:\/\/www.plis.es\/wp-content\/uploads\/2021\/10\/Home-Column-1-200x837.png 200w, https:\/\/www.plis.es\/wp-content\/uploads\/2021\/10\/Home-Column-1.png 300w\" sizes=\"(max-width: 640px) 100vw, 300px\" \/><\/span><\/div><\/div><\/div><\/div><\/div><div class=\"fusion-fullwidth fullwidth-box fusion-builder-row-2 fusion-flex-container nonhundred-percent-fullwidth non-hundred-percent-height-scrolling\" style=\"--awb-border-radius-top-left:0px;--awb-border-radius-top-right:0px;--awb-border-radius-bottom-right:0px;--awb-border-radius-bottom-left:0px;--awb-padding-top:25px;--awb-padding-bottom:50px;\" ><div class=\"fusion-builder-row fusion-row fusion-flex-align-items-flex-start\" style=\"max-width:1248px;margin-left: calc(-4% \/ 2 );margin-right: calc(-4% \/ 2 );\"><div class=\"fusion-layout-column fusion_builder_column fusion-builder-column-2 fusion_builder_column_1_1 1_1 fusion-flex-column\" style=\"--awb-bg-size:cover;--awb-width-large:100%;--awb-margin-top-large:0px;--awb-spacing-right-large:1.92%;--awb-margin-bottom-large:20px;--awb-spacing-left-large:1.92%;--awb-width-medium:100%;--awb-order-medium:0;--awb-spacing-right-medium:1.92%;--awb-spacing-left-medium:1.92%;--awb-width-small:100%;--awb-order-small:0;--awb-spacing-right-small:1.92%;--awb-spacing-left-small:1.92%;\"><div class=\"fusion-column-wrapper fusion-column-has-shadow fusion-flex-justify-content-flex-start fusion-content-layout-column\"><div class=\"fusion-title title fusion-title-3 fusion-title-center fusion-title-text fusion-title-size-two\"><div class=\"title-sep-container title-sep-container-left\"><div class=\"title-sep sep-double sep-solid\" style=\"border-color:#e2e2e2;\"><\/div><\/div><span class=\"awb-title-spacer\"><\/span><h2 class=\"title-heading-center\" style=\"margin:0;\"><h2 style=\"text-align: center;\">ALGUNOS TESTIMONIOS<\/h2><\/h2><span class=\"awb-title-spacer\"><\/span><div class=\"title-sep-container title-sep-container-right\"><div class=\"title-sep sep-double sep-solid\" style=\"border-color:#e2e2e2;\"><\/div><\/div><\/div><\/div><\/div><div class=\"fusion-layout-column fusion_builder_column fusion-builder-column-3 fusion_builder_column_1_5 1_5 fusion-flex-column\" style=\"--awb-bg-size:cover;--awb-width-large:20%;--awb-margin-top-large:0px;--awb-spacing-right-large:9.6%;--awb-margin-bottom-large:20px;--awb-spacing-left-large:9.6%;--awb-width-medium:20%;--awb-order-medium:0;--awb-spacing-right-medium:9.6%;--awb-spacing-left-medium:9.6%;--awb-width-small:100%;--awb-order-small:0;--awb-spacing-right-small:1.92%;--awb-spacing-left-small:1.92%;\"><div class=\"fusion-column-wrapper fusion-column-has-shadow fusion-flex-justify-content-flex-start fusion-content-layout-column\"><div class=\"fusion-image-element \" style=\"text-align:center;--awb-caption-title-font-family:var(--h2_typography-font-family);--awb-caption-title-font-weight:var(--h2_typography-font-weight);--awb-caption-title-font-style:var(--h2_typography-font-style);--awb-caption-title-size:var(--h2_typography-font-size);--awb-caption-title-transform:var(--h2_typography-text-transform);--awb-caption-title-line-height:var(--h2_typography-line-height);--awb-caption-title-letter-spacing:var(--h2_typography-letter-spacing);\"><span class=\" fusion-imageframe imageframe-none imageframe-2 hover-type-none fusion-animated\" data-animationType=\"bounceIn\" data-animationDuration=\"1.0\" data-animationOffset=\"top-into-view\" class=\"image-magnify\" class=\"image-scroll\"><img decoding=\"async\" width=\"393\" height=\"378\" title=\"Home Column 4\" src=\"http:\/\/www.plis.es\/wp-content\/uploads\/2021\/10\/Home-Column-4.png\" alt class=\"img-responsive wp-image-1038\" srcset=\"https:\/\/www.plis.es\/wp-content\/uploads\/2021\/10\/Home-Column-4-200x192.png 200w, https:\/\/www.plis.es\/wp-content\/uploads\/2021\/10\/Home-Column-4.png 393w\" sizes=\"(max-width: 640px) 100vw, 200px\" \/><\/span><\/div><\/div><\/div><div class=\"fusion-layout-column fusion_builder_column fusion-builder-column-4 fusion_builder_column_4_5 4_5 fusion-flex-column\" style=\"--awb-bg-size:cover;--awb-width-large:80%;--awb-margin-top-large:0px;--awb-spacing-right-large:2.4%;--awb-margin-bottom-large:20px;--awb-spacing-left-large:2.4%;--awb-width-medium:80%;--awb-order-medium:0;--awb-spacing-right-medium:2.4%;--awb-spacing-left-medium:2.4%;--awb-width-small:100%;--awb-order-small:0;--awb-spacing-right-small:1.92%;--awb-spacing-left-small:1.92%;\"><div class=\"fusion-column-wrapper fusion-column-has-shadow fusion-flex-justify-content-flex-start fusion-content-layout-column\"><div class=\"fusion-testimonials classic fusion-testimonials-1\" style=\"--awb-textcolor:#4a4e57;--awb-backgroundcolor:#f9f9fb;\" data-random=\"1\" data-speed=\"20000\"><div class=\"reviews\"><div class=\"review active-testimonial avatar-image\"><blockquote><q class=\"fusion-clearfix\">\n<p><em>September 25, 2019, Link was a client of Esther\u2019s<\/em><\/p>\n<p>I have worked with Esther for nearly 15 years. She knows her business, is a professional and a class act. Esther is warm, charming and outgoing which makes every communication with her a positive one. I recommend her without reservation as a sales professional.<\/p>\n<\/q><\/blockquote><div class=\"author\"><span class=\"testimonial-thumbnail\"><img class=\"testimonial-image\" src=\"http:\/\/www.plis.es\/wp-content\/uploads\/2021\/10\/Testimonial-Icon.png\" width=\"299\" height=\"326\" \/><\/span><span class=\"company-name\"><strong>Link Dyrdahl, US<\/strong>, <span>Managing Director - Kidsbooks Publishing<\/span><\/span><\/div><\/div><div class=\"review avatar-image\"><blockquote><q class=\"fusion-clearfix\">\n<p><em>March 5, 2013, Jim was a client of Esther\u2019s<\/em><\/p>\n<p>becker&amp;mayer! has contracted with PLIS since 2004 for our juvenile rights sales for Central America, South America, Spain, Portugal, and Greece. Working with Esther and Paul has been a pleasure &#8211; they are very creative, extremely attentive to our needs, and the results have been fantastic. I strongly recommend PLIS as a resource for international rights and co-edition sales.<\/p>\n<\/q><\/blockquote><div class=\"author\"><span class=\"testimonial-thumbnail\"><img class=\"testimonial-image\" src=\"http:\/\/www.plis.es\/wp-content\/uploads\/2021\/10\/Testimonial-Icon.png\" width=\"299\" height=\"326\" \/><\/span><span class=\"company-name\"><strong>Jim Becker, US<\/strong>, <span>Founder, becker&amp;mayer! and SmartLab Toys<\/span><\/span><\/div><\/div><div class=\"review avatar-image\"><blockquote><q class=\"fusion-clearfix\">\n<p><em>September 26, 2014, Hilary managed Esther directly<\/em><\/p>\n<p>Esther acted as Foreign Rights Sales Representative for Emma Treehouse Ltd for six years, negotiating the Spanish, Portuguese and Greek publishing rights for our range of childrens&#8217; books. Reporting to both me, when I was a Director and to David Bailey, Managing Director, Esther was a vital part of the growth in sales, particularly in Spain and South America. She is not only excellent at maintaining and growing relationships with existing customers, but her ability to seek out new markets, and new customers with her energy and charm was a lesson to us all. If you want to grow your business, meet new customers, maximise income from your existing client base &#8211; then Esther is the person you should work with. There is no-one else who can match her skills and ability.<\/p>\n<\/q><\/blockquote><div class=\"author\"><span class=\"testimonial-thumbnail\"><img class=\"testimonial-image\" src=\"http:\/\/www.plis.es\/wp-content\/uploads\/2021\/10\/Testimonial-Icon.png\" width=\"299\" height=\"326\" \/><\/span><span class=\"company-name\"><strong>Hilary Allom, UK<\/strong>, <span>Consultant at H.A.T.C.<\/span><\/span><\/div><\/div><div class=\"review avatar-image\"><blockquote><q class=\"fusion-clearfix\">\n<p><em>September 25, 2019, Jennifer managed Esther directly<\/em><\/p>\n<p>I worked with Esther at the start of her publishing career. I have stayed in touch and watched the development of her sales business with admiration. From the start Esther was focused and extremely organised in her work. She is a charismatic and tenacious sales person and will be an asset to any publisher seeking to expand their international sales presence. I highly recommend Esther and am confident she will be a success and make a difference.<\/p>\n<\/q><\/blockquote><div class=\"author\"><span class=\"testimonial-thumbnail\"><img class=\"testimonial-image\" src=\"http:\/\/www.plis.es\/wp-content\/uploads\/2021\/10\/Testimonial-Icon.png\" width=\"299\" height=\"326\" \/><\/span><span class=\"company-name\"><strong>Jennifer Fifield, UK<\/strong>, <span>General Manager, International Sales &amp; Marketing\/Publishing<\/span><\/span><\/div><\/div><div class=\"review avatar-image\"><blockquote><q class=\"fusion-clearfix\">\n<p><em>June 29, 2021, Raynier was a client of Esther\u2019s<\/em><\/p>\n<p>Por m\u00e1s de 20 a\u00f1os trabajando con Esther haciendo muchos proyectos juntos, quiero recomendarla ampliamente por su profesionalismo y seguimiento a los proyectos. Tiene grandes representaciones de producto que es muy bueno, su ojo cl\u00ednico para s\u00f3lo representar a los productos triunfadores es excelente.<\/p>\n<p>For more than 20 years we have been working with Esther on many different projects, I want to recommend her very much since she works with a high standard of professionalism and follows up for each one of the experiences that we have had. She has very good representations of different products that work very well in the market, she has a great sense to find the best programs in the publishing area.<\/p>\n<\/q><\/blockquote><div class=\"author\"><span class=\"testimonial-thumbnail\"><img class=\"testimonial-image\" src=\"http:\/\/www.plis.es\/wp-content\/uploads\/2021\/10\/Testimonial-Icon.png\" width=\"299\" height=\"326\" \/><\/span><span class=\"company-name\"><strong>Raynier Picard, M\u00e9xico<\/strong>, <span>Director General de Advanced Marketing S de RL de CV en Advanced Marketing S de RL de CV Presidente del Consejo de Administraci\u00f3n de Productos Zam-Fre SA de CV (Chocolates Picard)<\/span><\/span><\/div><\/div><\/div><\/div><\/div><\/div><\/div><\/div><\/p>\n","protected":false},"excerpt":{"rendered":"","protected":false},"author":1,"featured_media":0,"parent":0,"menu_order":1,"comment_status":"closed","ping_status":"closed","template":"","meta":[],"_links":{"self":[{"href":"https:\/\/www.plis.es\/es\/wp-json\/wp\/v2\/pages\/750"}],"collection":[{"href":"https:\/\/www.plis.es\/es\/wp-json\/wp\/v2\/pages"}],"about":[{"href":"https:\/\/www.plis.es\/es\/wp-json\/wp\/v2\/types\/page"}],"author":[{"embeddable":true,"href":"https:\/\/www.plis.es\/es\/wp-json\/wp\/v2\/users\/1"}],"replies":[{"embeddable":true,"href":"https:\/\/www.plis.es\/es\/wp-json\/wp\/v2\/comments?post=750"}],"version-history":[{"count":36,"href":"https:\/\/www.plis.es\/es\/wp-json\/wp\/v2\/pages\/750\/revisions"}],"predecessor-version":[{"id":1433,"href":"https:\/\/www.plis.es\/es\/wp-json\/wp\/v2\/pages\/750\/revisions\/1433"}],"wp:attachment":[{"href":"https:\/\/www.plis.es\/es\/wp-json\/wp\/v2\/media?parent=750"}],"curies":[{"name":"wp","href":"https:\/\/api.w.org\/{rel}","templated":true}]}}