{"id":3,"date":"2021-10-02T12:45:27","date_gmt":"2021-10-02T10:45:27","guid":{"rendered":"http:\/\/www.plis.es\/?page_id=3"},"modified":"2021-10-15T12:33:10","modified_gmt":"2021-10-15T10:33:10","slug":"politica-de-privacidad-y-cookies","status":"publish","type":"page","link":"https:\/\/www.plis.es\/es\/politica-de-privacidad-y-cookies\/","title":{"rendered":"Aviso legal: politica de privacidad y cookies"},"content":{"rendered":"<div class=\"fusion-fullwidth fullwidth-box fusion-builder-row-1 fusion-flex-container nonhundred-percent-fullwidth non-hundred-percent-height-scrolling\" style=\"--awb-border-radius-top-left:0px;--awb-border-radius-top-right:0px;--awb-border-radius-bottom-right:0px;--awb-border-radius-bottom-left:0px;\" ><div class=\"fusion-builder-row fusion-row fusion-flex-align-items-flex-start\" style=\"max-width:1248px;margin-left: calc(-4% \/ 2 );margin-right: calc(-4% \/ 2 );\"><div class=\"fusion-layout-column fusion_builder_column fusion-builder-column-0 fusion_builder_column_1_1 1_1 fusion-flex-column\" style=\"--awb-bg-size:cover;--awb-width-large:100%;--awb-margin-top-large:0px;--awb-spacing-right-large:1.92%;--awb-margin-bottom-large:0px;--awb-spacing-left-large:1.92%;--awb-width-medium:100%;--awb-spacing-right-medium:1.92%;--awb-spacing-left-medium:1.92%;--awb-width-small:100%;--awb-spacing-right-small:1.92%;--awb-spacing-left-small:1.92%;\"><div class=\"fusion-column-wrapper fusion-flex-justify-content-flex-start fusion-content-layout-column\"><div class=\"fusion-title title fusion-title-1 fusion-title-center fusion-title-text fusion-title-size-three\" style=\"--awb-margin-bottom:50px;\"><div class=\"title-sep-container title-sep-container-left\"><div class=\"title-sep sep-double sep-solid\" style=\"border-color:#e2e2e2;\"><\/div><\/div><span class=\"awb-title-spacer\"><\/span><h3 class=\"title-heading-center\" style=\"margin:0;\">AVISO LEGAL: POLITICA DE PRIVACIDAD Y COOKIES<\/h3><span class=\"awb-title-spacer\"><\/span><div class=\"title-sep-container title-sep-container-right\"><div class=\"title-sep sep-double sep-solid\" style=\"border-color:#e2e2e2;\"><\/div><\/div><\/div><div class=\"fusion-text fusion-text-1\"><p><strong>1. El AVISO LEGAL Y SU ACEPTACI\u00d3N<\/strong><br \/>\nEl presente aviso legal regula el uso del servicio del portal de Internet www.plis.es. P\u00e9rez Lucas International Sales (en adelante, \u201cPLIS\u201d). La utilizaci\u00f3n del Portal atribuye la condici\u00f3n de usuario del Portal (en adelante, el \u00abUsuario\u00bb) e implica la aceptaci\u00f3n plena y sin reservas de todas y cada una de las disposiciones incluidas en este Aviso Legal en la versi\u00f3n publicada por el TITULAR en el momento mismo que el Usuario acceda al Portal.<\/p>\n<p>El titular del presente Sitio es Esther P\u00e9rez Lucas, a nombre de P\u00e9rez Lucas International Sales, con la oficina en Barcelona.<\/p>\n<p><strong>2. CONDICIONES DE ACCESO Y UTILIZACI\u00d3N DEL PORTAL<\/strong><br \/>\n<strong>2.1. Veracidad de la informaci\u00f3n<\/strong><br \/>\nToda la informaci\u00f3n que facilite el Usuario deber\u00e1 ser propia y veraz. A estos efectos, el Usuario garantiza la autenticidad de todos aquellos datos que comunique, siendo \u00e9stos necesarios para la realizaci\u00f3n de consultas o solicitud de servicios. De igual forma, ser\u00e1 responsabilidad del Usuario mantener toda la informaci\u00f3n facilitada al TITULAR permanentemente actualizada de forma que responda, en cada momento, a la situaci\u00f3n real de aquel. En todo caso el Usuario ser\u00e1 el \u00fanico responsable de las manifestaciones falsas o inexactas que realice y de los perjuicios que cause al TITULAR o a terceros por la informaci\u00f3n que facilite.<\/p>\n<p><strong>2.2. Obligaci\u00f3n de hacer un uso correcto del Portal y de los Servicios<\/strong><br \/>\nEl Usuario se compromete a utilizar el Portal y los Servicios en conformidad con la ley, el presente Aviso Legal, y otros avisos, reglamentos de uso e instrucciones puestos en su conocimiento, as\u00ed como con la moral y las buenas costumbres generalmente aceptadas y el orden p\u00fablico. Todos los derechos de propiedad industrial e intelectual de la website www.plis.es, as\u00ed como de los elementos contenidos en la misma (que incluyen entre otros im\u00e1genes, textos\u2026) pertenecen al TITULAR, sin que pueda entenderse que el uso o acceso al Portal atribuya al Usuario derecho alguno sobre marcas, nombres comerciales y o\/signos distintivos y contenidos.<\/p>\n<p><strong>2.3. Responsabilidad por da\u00f1os y perjuicios<\/strong><br \/>\nEl Usuario responder\u00e1 de los da\u00f1os y perjuicios de toda naturaleza que el TITULAR pueda sufrir, directa o indirectamente como consecuencia del incumplimiento de cualquiera de las obligaciones derivadas del Aviso Legal o de la ley en relaci\u00f3n con la utilizaci\u00f3n del Portal y, en particular, se compromete a abstenerse de:<br \/>\n(a) reproducir, copiar, distribuir, poner a disposici\u00f3n o de cualquier otra forma comunicar p\u00fablicamente, transformar o modificar los contenidos, salvo que se cuente con la autorizaci\u00f3n del titular de los correspondientes derechos o esto resulte legalmente permitido.<br \/>\n(b) suprimir, manipular o de cualquier forma alterar el \u00abcopyright\u00bb y otros datos identificativos de la reserva de derechos de EL TITULAR o de sus titulares, de las huellas digitales o de cualesquier otros medios t\u00e9cnicos establecidos para su reconocimiento.<\/p>\n<p><strong>3. PROTECCI\u00d3N DE DATOS PERSONALES<\/strong><br \/>\nLos datos facilitados por los Usuarios (en adelante \u00abDatos Personales\u00bb) ser\u00e1n incorporados en un Fichero responsabilidad del TITULAR, y no ser\u00e1n cedidos salvo para el fin de poder responder a su solicitud, prestar los Servicios solicitados de forma correcta o aquellas cesiones previstas en la legislaci\u00f3n vigente.<\/p>\n<p>Los Usuarios que faciliten sus datos autorizan al TITULAR para que pueda utilizar \u00e9stos, con la finalidad de poner a su disposici\u00f3n, de la forma m\u00e1s c\u00f3moda posible, informaci\u00f3n relevante del TITULAR que pudiera ser de su inter\u00e9s. Si el Usuario desea CANCELAR su anterior autorizaci\u00f3n debe enviar un mensaje a info@plis.es indicando en el asunto baja postal y\/o email, donde email ser\u00e1 la direcci\u00f3n de correo que desea dar de baja. Si por cualquier motivo decide no hacer nada, su direcci\u00f3n de correo postal y electr\u00f3nico seguir\u00e1 en nuestra base de datos, entendi\u00e9ndose que acepta estos t\u00e9rminos y condiciones. Cualquier Usuario podr\u00e1 acceder, rectificar o cancelar sus datos personales, sin car\u00e1cter retroactivo, dirigiendo la oportuna solicitud a info@plis.es. Los Usuarios garantizan la veracidad, exactitud, vigencia y autenticidad de los datos facilitados, y se comprometen a mantenerlos debidamente actualizados. EL TITULAR ha adoptado los niveles de seguridad de Protecci\u00f3n de Datos Personales legalmente requeridos y procura instalar otros medios y medidas t\u00e9cnicas de protecci\u00f3n adicionales. No obstante, el Usuario debe ser consciente de que las medidas de seguridad en Internet no son inexpugnables.<\/p>\n<p><strong>4. POL\u00cdTICA DE COOKIES<\/strong><br \/>\nUna cookie es un peque\u00f1o fichero de texto que se almacena en su navegador cuando visita casi cualquier p\u00e1gina web. Su utilidad es que la web sea capaz de recordar su visita cuando vuelva a navegar por esa p\u00e1gina. Las cookies suelen almacenar informaci\u00f3n de car\u00e1cter t\u00e9cnico, preferencias personales, personalizaci\u00f3n de contenidos, estad\u00edsticas de uso, enlaces a redes sociales, acceso a cuentas de usuario, etc. El objetivo de la cookie es adaptar el contenido de la web a su perfil y necesidades, sin cookies los servicios ofrecidos por cualquier p\u00e1gina se ver\u00edan considerablemente mermados.<\/p>\n<p><strong>4.1. Cookies utilizadas en este sitio web<\/strong><br \/>\nSiguiendo las directrices de la Agencia Espa\u00f1ola de Protecci\u00f3n de Datos procedemos a detallar el uso de cookies que hace esta web con el fin de informarle con la m\u00e1xima exactitud posible.<br \/>\nEste sitio web utiliza las siguientes cookies propias:<br \/>\n\u2022 Cookies de sesi\u00f3n, para garantizar que los usuarios que escriban comentarios en el blog sean humanos y no aplicaciones automatizadas. De esta forma se combate el spam.<br \/>\nEste sitio web utiliza las siguientes cookies de terceros:<br \/>\n\u2022 Google Analytics: Almacena cookies para poder elaborar estad\u00edsticas sobre el tr\u00e1fico y volumen de visitas de esta web. Al utilizar este sitio web est\u00e1 consintiendo el tratamiento de informaci\u00f3n acerca de usted por Google. Por tanto, el ejercicio de cualquier derecho en este sentido deber\u00e1 hacerlo comunicando directamente con Google.<br \/>\n\u2022 Redes sociales: Cada red social utiliza sus propias cookies para que usted pueda pinchar en botones del tipo Me gusta o Compartir.<\/p>\n<p><strong>4.2. Desactivaci\u00f3n o eliminaci\u00f3n de cookies<\/strong><br \/>\nEn cualquier momento podr\u00e1 ejercer su derecho de desactivaci\u00f3n o eliminaci\u00f3n de cookies de este sitio web. Estas acciones se realizan de forma diferente en funci\u00f3n del navegador que est\u00e9 usando.<\/p>\n<p><strong>4.3. Notas adicionales<\/strong><br \/>\n\u2022 Ni esta web ni sus representantes legales se hacen responsables ni del contenido ni de la veracidad de las pol\u00edticas de privacidad que puedan tener los terceros mencionados en esta pol\u00edtica de cookies.<br \/>\n\u2022 Los navegadores web son las herramientas encargadas de almacenar las cookies y desde este lugar debe efectuar su derecho a eliminaci\u00f3n o desactivaci\u00f3n de las mismas. Ni esta web ni sus representantes legales pueden garantizar la correcta o incorrecta manipulaci\u00f3n de las cookies por parte de los mencionados navegadores.<br \/>\n\u2022 En algunos casos es necesario instalar cookies para que el navegador no olvide su decisi\u00f3n de no aceptaci\u00f3n de las mismas.<br \/>\n\u2022 En el caso de las cookies de Google Analytics, esta empresa almacena las cookies en servidores ubicados en Estados Unidos y se compromete a no compartirla con terceros, excepto en los casos en los que sea necesario para el funcionamiento del sistema o cuando la ley obligue a tal efecto. Seg\u00fan Google no guarda su direcci\u00f3n IP. Google Inc. es una compa\u00f1\u00eda adherida al Acuerdo de Puerto Seguro que garantiza que todos los datos transferidos ser\u00e1n tratados con un nivel de protecci\u00f3n acorde a la normativa europea.<br \/>\n\u2022 Para cualquier duda o consulta acerca de esta pol\u00edtica de cookies no dude en comunicarse con PLIS, por correo electr\u00f3nico a info@plis.es.<\/p>\n<p><strong>5. JURISDICCI\u00d3N Y LEGISLACI\u00d3N APLICABLE<\/strong><br \/>\nLas Normas de Uso que se encuentran en el presente Acuerdo Legal, se rigen por la Ley Espa\u00f1ola. Tanto EL TITULAR como los usuarios del Sitio est\u00e1n de acuerdo en que para cualquier discrepancia que pueda surgir en cuanto a la interpretaci\u00f3n, cumplimiento y\/o ejecuci\u00f3n, de las presentes normas se someter\u00e1n expresamente a la jurisdicci\u00f3n de los Jueces y Tribunales competentes de Barcelona, con renuncia expresa, a cualquier otro fuero que pudiera corresponderles.<\/p>\n<\/div><\/div><\/div><\/div><\/div>\n","protected":false},"excerpt":{"rendered":"","protected":false},"author":1,"featured_media":0,"parent":0,"menu_order":100,"comment_status":"closed","ping_status":"closed","template":"","meta":[],"_links":{"self":[{"href":"https:\/\/www.plis.es\/es\/wp-json\/wp\/v2\/pages\/3"}],"collection":[{"href":"https:\/\/www.plis.es\/es\/wp-json\/wp\/v2\/pages"}],"about":[{"href":"https:\/\/www.plis.es\/es\/wp-json\/wp\/v2\/types\/page"}],"author":[{"embeddable":true,"href":"https:\/\/www.plis.es\/es\/wp-json\/wp\/v2\/users\/1"}],"replies":[{"embeddable":true,"href":"https:\/\/www.plis.es\/es\/wp-json\/wp\/v2\/comments?post=3"}],"version-history":[{"count":5,"href":"https:\/\/www.plis.es\/es\/wp-json\/wp\/v2\/pages\/3\/revisions"}],"predecessor-version":[{"id":1863,"href":"https:\/\/www.plis.es\/es\/wp-json\/wp\/v2\/pages\/3\/revisions\/1863"}],"wp:attachment":[{"href":"https:\/\/www.plis.es\/es\/wp-json\/wp\/v2\/media?parent=3"}],"curies":[{"name":"wp","href":"https:\/\/api.w.org\/{rel}","templated":true}]}}