{"id":13,"date":"2015-02-10T19:21:53","date_gmt":"2015-02-10T18:21:53","guid":{"rendered":"https:\/\/avada.theme-fusion.com_demos\/architecture\/?page_id=13"},"modified":"2022-03-07T16:49:26","modified_gmt":"2022-03-07T15:49:26","slug":"ilustradores","status":"publish","type":"page","link":"https:\/\/www.plis.es\/es\/ilustradores\/","title":{"rendered":"Ilustradores"},"content":{"rendered":"<div class=\"fusion-fullwidth fullwidth-box fusion-builder-row-1 fusion-flex-container nonhundred-percent-fullwidth non-hundred-percent-height-scrolling\" style=\"--awb-background-position:left top;--awb-border-sizes-top:0px;--awb-border-sizes-bottom:0px;--awb-border-sizes-left:0px;--awb-border-sizes-right:0px;--awb-border-radius-top-left:0px;--awb-border-radius-top-right:0px;--awb-border-radius-bottom-right:0px;--awb-border-radius-bottom-left:0px;--awb-padding-top:25px;--awb-padding-bottom:0px;\" ><div class=\"fusion-builder-row fusion-row fusion-flex-align-items-flex-start\" style=\"max-width:1248px;margin-left: calc(-4% \/ 2 );margin-right: calc(-4% \/ 2 );\"><div class=\"fusion-layout-column fusion_builder_column fusion-builder-column-0 fusion_builder_column_1_1 1_1 fusion-flex-column fusion-flex-align-self-flex-start fusion-column-no-min-height\" style=\"--awb-bg-size:cover;--awb-width-large:100%;--awb-margin-top-large:0px;--awb-spacing-right-large:1.92%;--awb-margin-bottom-large:0px;--awb-spacing-left-large:1.92%;--awb-width-medium:100%;--awb-spacing-right-medium:1.92%;--awb-spacing-left-medium:1.92%;--awb-width-small:100%;--awb-spacing-right-small:1.92%;--awb-spacing-left-small:1.92%;\"><div class=\"fusion-column-wrapper fusion-flex-justify-content-flex-start fusion-content-layout-column\"><style type=\"text\/css\">.fusion-portfolio-wrapper#fusion-portfolio-1 .fusion-portfolio-content{  text-align: left; }<\/style><div class=\"fusion-recent-works fusion-portfolio-element fusion-portfolio fusion-portfolio-1 fusion-portfolio-grid fusion-portfolio-paging-pagination fusion-portfolio-two fusion-portfolio-unboxed fusion-portfolio-text fusion-portfolio-rollover\" data-id=\"-rw-1\" data-columns=\"two\"><style type=\"text\/css\">.fusion-portfolio-1 .fusion-portfolio-wrapper .fusion-col-spacing{padding:15px;}<\/style><div class=\"fusion-portfolio-wrapper\" id=\"fusion-portfolio-1\" data-picturesize=\"auto\" data-pages=\"1\" style=\"margin:-15px;\"><article id=\"portfolio-1-post-1162\" class=\"fusion-portfolio-post ilustradora fusion-col-spacing post-1162\"><div class=\"fusion-portfolio-content-wrapper\" style=\"border:none;\"><span class=\"vcard rich-snippet-hidden\"><span class=\"fn\"><a href=\"https:\/\/www.plis.es\/es\/author\/esplis58\/\" title=\"Entradas de EsPLIs58\" rel=\"author\">EsPLIs58<\/a><\/span><\/span><span class=\"updated rich-snippet-hidden\">2022-03-07T16:50:13+01:00<\/span><div  class=\"fusion-image-wrapper\" aria-haspopup=\"true\">\n\t\t\t\t<img width=\"1950\" height=\"1200\" src=\"https:\/\/www.plis.es\/wp-content\/uploads\/2021\/10\/maria-display.jpg\" class=\"attachment-full size-full wp-post-image\" alt=\"\" decoding=\"async\" srcset=\"https:\/\/www.plis.es\/wp-content\/uploads\/2021\/10\/maria-display-200x123.jpg 200w, https:\/\/www.plis.es\/wp-content\/uploads\/2021\/10\/maria-display-400x246.jpg 400w, https:\/\/www.plis.es\/wp-content\/uploads\/2021\/10\/maria-display-600x369.jpg 600w, https:\/\/www.plis.es\/wp-content\/uploads\/2021\/10\/maria-display-800x492.jpg 800w, https:\/\/www.plis.es\/wp-content\/uploads\/2021\/10\/maria-display-1200x738.jpg 1200w, https:\/\/www.plis.es\/wp-content\/uploads\/2021\/10\/maria-display.jpg 1950w\" sizes=\"(min-width: 2200px) 100vw, (min-width: 712px) 585px, (min-width: 640px) 712px, \" \/><div class=\"fusion-rollover\">\n\t<div class=\"fusion-rollover-content\">\n\n\t\t\t\t\t\t\t\t\t\t\t\t\t\t<a class=\"fusion-rollover-link\" href=\"https:\/\/www.plis.es\/es\/artist\/maria-risques-blasi\/\">Maria Risques Blasi<\/a>\n\t\t\t\n\t\t\t\t\t\t\t\t\t\t\t\t\t\t\n\t\t\t\t\t\t\t\t\n\t\t\t\t\t\t\t\t\t\t\t\t\t<div class=\"fusion-rollover-sep\"><\/div>\n\t\t\t\t\n\t\t\t\t\t\t\t\t\t\t\t\t\t\t\t\t\t\t<a class=\"fusion-rollover-gallery\" href=\"https:\/\/www.plis.es\/wp-content\/uploads\/2021\/10\/maria-display.jpg\" data-id=\"1162\" data-rel=\"iLightbox[gallery-rw-1]\" data-title=\"Maria-Risques-home\" data-caption=\"\">\n\t\t\t\t\t\tGallery\t\t\t\t\t<\/a>\n\t\t\t\t\t\t\t\t\t\t\t\t\t\t\n\t\t\n\t\t\t\t\t\t\t\t\t\t\t\t<h4 class=\"fusion-rollover-title\">\n\t\t\t\t\t<a class=\"fusion-rollover-title-link\" href=\"https:\/\/www.plis.es\/es\/artist\/maria-risques-blasi\/\">\n\t\t\t\t\t\tMaria Risques Blasi\t\t\t\t\t<\/a>\n\t\t\t\t<\/h4>\n\t\t\t\n\t\t\t\t\t\t\t\t\t\t<div class=\"fusion-rollover-categories\"><a href=\"https:\/\/www.plis.es\/es\/portfolio_category\/ilustradora\/\" rel=\"tag\">Ilustradora<\/a><\/div>\t\t\t\t\t\n\t\t\n\t\t\t\t\t\t<a class=\"fusion-link-wrapper\" href=\"https:\/\/www.plis.es\/es\/artist\/maria-risques-blasi\/\" aria-label=\"Maria Risques Blasi\"><\/a>\n\t<\/div>\n<\/div>\n<\/div>\n<div class=\"fusion-portfolio-content\"><h2 class=\"entry-title fusion-post-title\"><a href=\"https:\/\/www.plis.es\/es\/artist\/maria-risques-blasi\/\">Maria Risques Blasi<\/a><\/h2><div class=\"fusion-portfolio-meta\"><a href=\"https:\/\/www.plis.es\/es\/portfolio_category\/ilustradora\/\" rel=\"tag\">Ilustradora<\/a><\/div><div class=\"fusion-post-content\"><p> Maria Risques Blasi    Es maestra de Educaci\u00f3n Primaria, ilustradora y dise\u00f1adora gr\u00e1fica de Barcelona. Ya de peque\u00f1a destacaba por su creatividad, que expresaba a trav\u00e9s del Arte, utilizando una gran variedad  [...]<\/p><\/div><\/div><\/div><\/article><article id=\"portfolio-1-post-1168\" class=\"fusion-portfolio-post ilustradora fusion-col-spacing post-1168\"><div class=\"fusion-portfolio-content-wrapper\" style=\"border:none;\"><span class=\"vcard rich-snippet-hidden\"><span class=\"fn\"><a href=\"https:\/\/www.plis.es\/es\/author\/esplis58\/\" title=\"Entradas de EsPLIs58\" rel=\"author\">EsPLIs58<\/a><\/span><\/span><span class=\"updated rich-snippet-hidden\">2022-03-07T16:50:22+01:00<\/span><div  class=\"fusion-image-wrapper\" aria-haspopup=\"true\">\n\t\t\t\t<img width=\"1950\" height=\"1200\" src=\"https:\/\/www.plis.es\/wp-content\/uploads\/2021\/10\/Marin\u0303e-Jauregi-home-2.jpg\" class=\"attachment-full size-full wp-post-image\" alt=\"\" decoding=\"async\" srcset=\"https:\/\/www.plis.es\/wp-content\/uploads\/2021\/10\/Marin\u0303e-Jauregi-home-2-200x123.jpg 200w, https:\/\/www.plis.es\/wp-content\/uploads\/2021\/10\/Marin\u0303e-Jauregi-home-2-400x246.jpg 400w, https:\/\/www.plis.es\/wp-content\/uploads\/2021\/10\/Marin\u0303e-Jauregi-home-2-600x369.jpg 600w, https:\/\/www.plis.es\/wp-content\/uploads\/2021\/10\/Marin\u0303e-Jauregi-home-2-800x492.jpg 800w, https:\/\/www.plis.es\/wp-content\/uploads\/2021\/10\/Marin\u0303e-Jauregi-home-2-1200x738.jpg 1200w, https:\/\/www.plis.es\/wp-content\/uploads\/2021\/10\/Marin\u0303e-Jauregi-home-2.jpg 1950w\" sizes=\"(min-width: 2200px) 100vw, (min-width: 712px) 585px, (min-width: 640px) 712px, \" \/><div class=\"fusion-rollover\">\n\t<div class=\"fusion-rollover-content\">\n\n\t\t\t\t\t\t\t\t\t\t\t\t\t\t<a class=\"fusion-rollover-link\" href=\"https:\/\/www.plis.es\/es\/artist\/marin%cc%83e-jauregi\/\">Marin\u0303e Jauregi<\/a>\n\t\t\t\n\t\t\t\t\t\t\t\t\t\t\t\t\t\t\n\t\t\t\t\t\t\t\t\n\t\t\t\t\t\t\t\t\t\t\t\t\t<div class=\"fusion-rollover-sep\"><\/div>\n\t\t\t\t\n\t\t\t\t\t\t\t\t\t\t\t\t\t\t\t\t\t\t<a class=\"fusion-rollover-gallery\" href=\"https:\/\/www.plis.es\/wp-content\/uploads\/2021\/10\/Marin\u0303e-Jauregi-home-2.jpg\" data-id=\"1168\" data-rel=\"iLightbox[gallery-rw-1]\" data-title=\"Marin\u0303e Jauregi home\" data-caption=\"\">\n\t\t\t\t\t\tGallery\t\t\t\t\t<\/a>\n\t\t\t\t\t\t\t\t\t\t\t\t\t\t\n\t\t\n\t\t\t\t\t\t\t\t\t\t\t\t<h4 class=\"fusion-rollover-title\">\n\t\t\t\t\t<a class=\"fusion-rollover-title-link\" href=\"https:\/\/www.plis.es\/es\/artist\/marin%cc%83e-jauregi\/\">\n\t\t\t\t\t\tMarin\u0303e Jauregi\t\t\t\t\t<\/a>\n\t\t\t\t<\/h4>\n\t\t\t\n\t\t\t\t\t\t\t\t\t\t<div class=\"fusion-rollover-categories\"><a href=\"https:\/\/www.plis.es\/es\/portfolio_category\/ilustradora\/\" rel=\"tag\">Ilustradora<\/a><\/div>\t\t\t\t\t\n\t\t\n\t\t\t\t\t\t<a class=\"fusion-link-wrapper\" href=\"https:\/\/www.plis.es\/es\/artist\/marin%cc%83e-jauregi\/\" aria-label=\"Marin\u0303e Jauregi\"><\/a>\n\t<\/div>\n<\/div>\n<\/div>\n<div class=\"fusion-portfolio-content\"><h2 class=\"entry-title fusion-post-title\"><a href=\"https:\/\/www.plis.es\/es\/artist\/marin%cc%83e-jauregi\/\">Marin\u0303e Jauregi<\/a><\/h2><div class=\"fusion-portfolio-meta\"><a href=\"https:\/\/www.plis.es\/es\/portfolio_category\/ilustradora\/\" rel=\"tag\">Ilustradora<\/a><\/div><div class=\"fusion-post-content\"><p> Marin\u0303e Jauregi    Es una joven ilustradora nacida en el Pa\u00eds Vasco. Graduada en Creaci\u00f3n y Dise\u00f1o en la Facultad de Bellas Artes de Bilbao y titulada en T\u00e9cnico superior de Ilustraci\u00f3n  [...]<\/p><\/div><\/div><\/div><\/article><article id=\"portfolio-1-post-1156\" class=\"fusion-portfolio-post ilustradora fusion-col-spacing post-1156\"><div class=\"fusion-portfolio-content-wrapper\" style=\"border:none;\"><span class=\"vcard rich-snippet-hidden\"><span class=\"fn\"><a href=\"https:\/\/www.plis.es\/es\/author\/esplis58\/\" title=\"Entradas de EsPLIs58\" rel=\"author\">EsPLIs58<\/a><\/span><\/span><span class=\"updated rich-snippet-hidden\">2022-03-07T16:49:56+01:00<\/span><div  class=\"fusion-image-wrapper\" aria-haspopup=\"true\">\n\t\t\t\t<img width=\"1950\" height=\"1201\" src=\"https:\/\/www.plis.es\/wp-content\/uploads\/2021\/10\/Giulia-Olivares-home.jpg\" class=\"attachment-full size-full wp-post-image\" alt=\"\" decoding=\"async\" srcset=\"https:\/\/www.plis.es\/wp-content\/uploads\/2021\/10\/Giulia-Olivares-home-200x123.jpg 200w, https:\/\/www.plis.es\/wp-content\/uploads\/2021\/10\/Giulia-Olivares-home-400x246.jpg 400w, https:\/\/www.plis.es\/wp-content\/uploads\/2021\/10\/Giulia-Olivares-home-600x370.jpg 600w, https:\/\/www.plis.es\/wp-content\/uploads\/2021\/10\/Giulia-Olivares-home-800x493.jpg 800w, https:\/\/www.plis.es\/wp-content\/uploads\/2021\/10\/Giulia-Olivares-home-1200x739.jpg 1200w, https:\/\/www.plis.es\/wp-content\/uploads\/2021\/10\/Giulia-Olivares-home.jpg 1950w\" sizes=\"(min-width: 2200px) 100vw, (min-width: 712px) 585px, (min-width: 640px) 712px, \" \/><div class=\"fusion-rollover\">\n\t<div class=\"fusion-rollover-content\">\n\n\t\t\t\t\t\t\t\t\t\t\t\t\t\t<a class=\"fusion-rollover-link\" href=\"https:\/\/www.plis.es\/es\/artist\/giulia-olivares\/\">Giulia Olivares<\/a>\n\t\t\t\n\t\t\t\t\t\t\t\t\t\t\t\t\t\t\n\t\t\t\t\t\t\t\t\n\t\t\t\t\t\t\t\t\t\t\t\t\t<div class=\"fusion-rollover-sep\"><\/div>\n\t\t\t\t\n\t\t\t\t\t\t\t\t\t\t\t\t\t\t\t\t\t\t<a class=\"fusion-rollover-gallery\" href=\"https:\/\/www.plis.es\/wp-content\/uploads\/2021\/10\/Giulia-Olivares-home.jpg\" data-id=\"1156\" data-rel=\"iLightbox[gallery-rw-1]\" data-title=\"Giulia Olivares home\" data-caption=\"\">\n\t\t\t\t\t\tGallery\t\t\t\t\t<\/a>\n\t\t\t\t\t\t\t\t\t\t\t\t\t\t\n\t\t\n\t\t\t\t\t\t\t\t\t\t\t\t<h4 class=\"fusion-rollover-title\">\n\t\t\t\t\t<a class=\"fusion-rollover-title-link\" href=\"https:\/\/www.plis.es\/es\/artist\/giulia-olivares\/\">\n\t\t\t\t\t\tGiulia Olivares\t\t\t\t\t<\/a>\n\t\t\t\t<\/h4>\n\t\t\t\n\t\t\t\t\t\t\t\t\t\t<div class=\"fusion-rollover-categories\"><a href=\"https:\/\/www.plis.es\/es\/portfolio_category\/ilustradora\/\" rel=\"tag\">Ilustradora<\/a><\/div>\t\t\t\t\t\n\t\t\n\t\t\t\t\t\t<a class=\"fusion-link-wrapper\" href=\"https:\/\/www.plis.es\/es\/artist\/giulia-olivares\/\" aria-label=\"Giulia Olivares\"><\/a>\n\t<\/div>\n<\/div>\n<\/div>\n<div class=\"fusion-portfolio-content\"><h2 class=\"entry-title fusion-post-title\"><a href=\"https:\/\/www.plis.es\/es\/artist\/giulia-olivares\/\">Giulia Olivares<\/a><\/h2><div class=\"fusion-portfolio-meta\"><a href=\"https:\/\/www.plis.es\/es\/portfolio_category\/ilustradora\/\" rel=\"tag\">Ilustradora<\/a><\/div><div class=\"fusion-post-content\"><p> Giulia Olivares    Es una ilustradora y autora experimentada con un estilo actual, colorido y simple. Residente en Italia, despu\u00e9s de sus estudios de Arte y su licenciatura en Cr\u00edtica Literaria, decidi\u00f3  [...]<\/p><\/div><\/div><\/div><\/article><\/div><\/div><\/div><\/div><\/div><\/div>\n","protected":false},"excerpt":{"rendered":"","protected":false},"author":1,"featured_media":0,"parent":0,"menu_order":4,"comment_status":"closed","ping_status":"closed","template":"","meta":[],"_links":{"self":[{"href":"https:\/\/www.plis.es\/es\/wp-json\/wp\/v2\/pages\/13"}],"collection":[{"href":"https:\/\/www.plis.es\/es\/wp-json\/wp\/v2\/pages"}],"about":[{"href":"https:\/\/www.plis.es\/es\/wp-json\/wp\/v2\/types\/page"}],"author":[{"embeddable":true,"href":"https:\/\/www.plis.es\/es\/wp-json\/wp\/v2\/users\/1"}],"replies":[{"embeddable":true,"href":"https:\/\/www.plis.es\/es\/wp-json\/wp\/v2\/comments?post=13"}],"version-history":[{"count":10,"href":"https:\/\/www.plis.es\/es\/wp-json\/wp\/v2\/pages\/13\/revisions"}],"predecessor-version":[{"id":1893,"href":"https:\/\/www.plis.es\/es\/wp-json\/wp\/v2\/pages\/13\/revisions\/1893"}],"wp:attachment":[{"href":"https:\/\/www.plis.es\/es\/wp-json\/wp\/v2\/media?parent=13"}],"curies":[{"name":"wp","href":"https:\/\/api.w.org\/{rel}","templated":true}]}}